{"id":778,"date":"2025-01-06T10:43:53","date_gmt":"2025-01-06T10:43:53","guid":{"rendered":"https:\/\/kamogrill.com\/?page_id=778"},"modified":"2025-01-06T14:38:25","modified_gmt":"2025-01-06T14:38:25","slug":"bedingungen","status":"publish","type":"page","link":"https:\/\/kamogrill.com\/de\/bedingungen\/","title":{"rendered":"Bedingungen und Konditionen"},"content":{"rendered":"<div data-elementor-type=\"wp-page\" data-elementor-id=\"778\" class=\"elementor elementor-778\" data-elementor-post-type=\"page\">\n\t\t\t\t<div class=\"elementor-element elementor-element-85411de e-flex e-con-boxed e-con e-parent\" data-id=\"85411de\" data-element_type=\"container\" data-e-type=\"container\">\n\t\t\t\t\t<div class=\"e-con-inner\">\n\t\t\t\t<div class=\"elementor-element elementor-element-6878df9 elementor-widget-divider--view-line elementor-widget elementor-widget-divider\" data-id=\"6878df9\" data-element_type=\"widget\" data-e-type=\"widget\" data-widget_type=\"divider.default\">\n\t\t\t\t<div class=\"elementor-widget-container\">\n\t\t\t\t\t\t\t<div class=\"elementor-divider\">\n\t\t\t<span class=\"elementor-divider-separator\">\n\t\t\t\t\t\t<\/span>\n\t\t<\/div>\n\t\t\t\t\t\t<\/div>\n\t\t\t\t<\/div>\n\t\t\t\t\t<\/div>\n\t\t\t\t<\/div>\n\t\t<div class=\"elementor-element elementor-element-937999b e-flex e-con-boxed e-con e-parent\" data-id=\"937999b\" data-element_type=\"container\" data-e-type=\"container\">\n\t\t\t\t\t<div class=\"e-con-inner\">\n\t\t\t\t<div class=\"elementor-element elementor-element-8258aaa elementor-widget elementor-widget-text-editor\" data-id=\"8258aaa\" data-element_type=\"widget\" data-e-type=\"widget\" data-widget_type=\"text-editor.default\">\n\t\t\t\t<div class=\"elementor-widget-container\">\n\t\t\t\t\t\t\t\t\t<p>Willkommen bei www.kamogrill.com! Die vorliegenden Bedingungen beschreiben die Regeln und Vorschriften f\u00fcr die Nutzung der kamogrill-Website unter der Adresse www.kamogrill.com. Wenn Sie auf diese Website zugreifen, gehen wir davon aus, dass Sie diese Bestimmungen und Bedingungen akzeptieren. Nutzen Sie www.kamogrill.com nicht weiter, wenn Sie nicht mit allen auf dieser Seite genannten Bedingungen einverstanden sind.<\/p><p><strong>1. Cookies<\/strong><\/p><ul><li>Unsere Website verwendet Cookies, um Ihr Erlebnis zu verbessern. Wenn Sie auf www.kamogrill.com zugreifen, stimmen Sie der Verwendung von Cookies in \u00dcbereinstimmung mit unserer Datenschutzrichtlinie zu.<\/li><li>Cookies sind Textdateien, die auf Ihrem Ger\u00e4t abgelegt werden, um Standard-Internetprotokolldaten und Informationen \u00fcber das Besucherverhalten zu sammeln. Sie haben die M\u00f6glichkeit, Cookies zu akzeptieren oder abzulehnen; die Ablehnung von Cookies kann jedoch dazu f\u00fchren, dass Sie die Vorteile der Website nicht in vollem Umfang nutzen k\u00f6nnen.<\/li><\/ul><p><strong>2. Rechte an geistigem Eigentum<\/strong><\/p><ul><li>Sofern nicht anders angegeben, sind kamogrill und\/oder seine Lizenzgeber Eigent\u00fcmer der geistigen Eigentumsrechte f\u00fcr das gesamte Material auf www.kamogrill.com. Alle geistigen Eigentumsrechte sind vorbehalten. Sie k\u00f6nnen auf www.kamogrill.com f\u00fcr Ihren pers\u00f6nlichen Gebrauch zugreifen, vorbehaltlich der in diesen Nutzungsbedingungen festgelegten Einschr\u00e4nkungen.<\/li><\/ul><p><strong>3. Benutzer-Kommentare<\/strong><\/p><ul><li>Teile dieser Website k\u00f6nnen Nutzern die M\u00f6glichkeit bieten, Meinungen und Informationen zu ver\u00f6ffentlichen und auszutauschen. kamogrill filtert, bearbeitet, ver\u00f6ffentlicht oder \u00fcberpr\u00fcft Kommentare nicht, bevor sie auf der Website erscheinen. Die Kommentare spiegeln nicht die Ansichten von kamogrill, seinen Vertretern oder verbundenen Unternehmen wider.<\/li><li>Durch das Einstellen von Kommentaren sichern Sie zu, dass Sie das Recht dazu haben und alle geltenden Gesetze und Vorschriften einhalten.<\/li><\/ul><p><strong>4. Hyperlinking zu unserem Inhalt<\/strong><\/p><ul><li>Die folgenden Organisationen d\u00fcrfen ohne vorherige schriftliche Genehmigung einen Link zu unserer Website herstellen: Regierungsbeh\u00f6rden, Suchmaschinen, Nachrichtenorganisationen und Online-Verzeichnisverteiler.<\/li><li>Wir k\u00f6nnen andere Linkanfragen von Organisationen wie allgemein bekannten Gesch\u00e4ftsinformationsquellen und Gemeinschaftsseiten ber\u00fccksichtigen und genehmigen.<\/li><\/ul><p><strong>5. Produktinformation und Bestellungen<\/strong><\/p><ul><li>Wir bem\u00fchen uns, dass alle Produktbeschreibungen und Preise auf unserer Website korrekt sind. Dennoch k\u00f6nnen Fehler auftreten. Wenn wir einen Fehler in Bezug auf den Preis oder die Verf\u00fcgbarkeit eines von Ihnen bestellten Produkts feststellen, werden wir Sie so schnell wie m\u00f6glich informieren.<\/li><li>Individuelle Anpassungen von Farben, Gr\u00f6\u00dfen und Formen sind m\u00f6glich. Alle Bestellungen sind vorbehaltlich der Annahme und Verf\u00fcgbarkeit, wobei die spezifischen Bedingungen mit jedem Kunden zu besprechen sind.<\/li><\/ul><p><strong>6. Begrenzung der Haftung<\/strong><\/p><ul><li>Kamogrill schlie\u00dft im Rahmen des geltenden Rechts alle Zusicherungen, Garantien und Bedingungen im Zusammenhang mit unserer Website und der Nutzung dieser Website aus.<\/li><li>Wir haften nicht f\u00fcr Verluste oder Sch\u00e4den jeglicher Art, die sich aus oder im Zusammenhang mit der Nutzung unserer Website ergeben.<\/li><\/ul><p><strong>7. Geltendes Recht<\/strong><\/p><ul><li>Diese Bedingungen unterliegen den Gesetzen von CHINA und werden in \u00dcbereinstimmung mit diesen ausgelegt, und Sie unterwerfen sich unwiderruflich der ausschlie\u00dflichen Zust\u00e4ndigkeit der Gerichte an diesem Ort.<\/li><\/ul><p><strong>8. \u00c4nderungen<\/strong><\/p><ul><li><span style=\"background-color: transparent; color: var( --e-global-color-text ); font-family: var( --e-global-typography-text-font-family ), Sans-serif; font-weight: var( --e-global-typography-text-font-weight ); text-align: var(--text-align);\">kamogrill beh\u00e4lt sich das Recht vor, diese Bestimmungen und Bedingungen jederzeit zu \u00e4ndern. Durch die Nutzung dieser Website erkl\u00e4ren Sie sich damit einverstanden, diese Bedingungen regelm\u00e4\u00dfig zu \u00fcberpr\u00fcfen, um sicherzustellen, dass Sie alle Bedingungen f\u00fcr die Nutzung dieser Website verstehen.<\/span><\/li><\/ul><p><strong>9. Kontaktinformationen<\/strong><\/p><ul><li>Bei Fragen zu diesen Bedingungen und Konditionen wenden Sie sich bitte an info@kamogrill.com.<\/li><\/ul>\t\t\t\t\t\t\t\t<\/div>\n\t\t\t\t<\/div>\n\t\t\t\t\t<\/div>\n\t\t\t\t<\/div>\n\t\t\t\t<\/div>","protected":false},"excerpt":{"rendered":"<p>Welcome to www.kamogrill.com! These terms and conditions outline the rules and regulations for the use of kamogrill&#8217;s website, located at www.kamogrill.com. By accessing this website, we assume you accept these terms and conditions. Do not continue to use www.kamogrill.com if you do not agree to all the terms and conditions stated on this page. 1. [&hellip;]<\/p>","protected":false},"author":1,"featured_media":0,"parent":0,"menu_order":0,"comment_status":"closed","ping_status":"closed","template":"","meta":{"footnotes":""},"class_list":["post-778","page","type-page","status-publish","hentry"],"_links":{"self":[{"href":"https:\/\/kamogrill.com\/de\/wp-json\/wp\/v2\/pages\/778","targetHints":{"allow":["GET"]}}],"collection":[{"href":"https:\/\/kamogrill.com\/de\/wp-json\/wp\/v2\/pages"}],"about":[{"href":"https:\/\/kamogrill.com\/de\/wp-json\/wp\/v2\/types\/page"}],"author":[{"embeddable":true,"href":"https:\/\/kamogrill.com\/de\/wp-json\/wp\/v2\/users\/1"}],"replies":[{"embeddable":true,"href":"https:\/\/kamogrill.com\/de\/wp-json\/wp\/v2\/comments?post=778"}],"version-history":[{"count":5,"href":"https:\/\/kamogrill.com\/de\/wp-json\/wp\/v2\/pages\/778\/revisions"}],"predecessor-version":[{"id":837,"href":"https:\/\/kamogrill.com\/de\/wp-json\/wp\/v2\/pages\/778\/revisions\/837"}],"wp:attachment":[{"href":"https:\/\/kamogrill.com\/de\/wp-json\/wp\/v2\/media?parent=778"}],"curies":[{"name":"wp","href":"https:\/\/api.w.org\/{rel}","templated":true}]}}