{"id":778,"date":"2025-01-06T10:43:53","date_gmt":"2025-01-06T10:43:53","guid":{"rendered":"https:\/\/kamogrill.com\/?page_id=778"},"modified":"2025-01-06T14:38:25","modified_gmt":"2025-01-06T14:38:25","slug":"condiciones","status":"publish","type":"page","link":"https:\/\/kamogrill.com\/es\/condiciones\/","title":{"rendered":"Condiciones generales"},"content":{"rendered":"<div data-elementor-type=\"wp-page\" data-elementor-id=\"778\" class=\"elementor elementor-778\" data-elementor-post-type=\"page\">\n\t\t\t\t<div class=\"elementor-element elementor-element-85411de e-flex e-con-boxed e-con e-parent\" data-id=\"85411de\" data-element_type=\"container\" data-e-type=\"container\">\n\t\t\t\t\t<div class=\"e-con-inner\">\n\t\t\t\t<div class=\"elementor-element elementor-element-6878df9 elementor-widget-divider--view-line elementor-widget elementor-widget-divider\" data-id=\"6878df9\" data-element_type=\"widget\" data-e-type=\"widget\" data-widget_type=\"divider.default\">\n\t\t\t\t<div class=\"elementor-widget-container\">\n\t\t\t\t\t\t\t<div class=\"elementor-divider\">\n\t\t\t<span class=\"elementor-divider-separator\">\n\t\t\t\t\t\t<\/span>\n\t\t<\/div>\n\t\t\t\t\t\t<\/div>\n\t\t\t\t<\/div>\n\t\t\t\t\t<\/div>\n\t\t\t\t<\/div>\n\t\t<div class=\"elementor-element elementor-element-937999b e-flex e-con-boxed e-con e-parent\" data-id=\"937999b\" data-element_type=\"container\" data-e-type=\"container\">\n\t\t\t\t\t<div class=\"e-con-inner\">\n\t\t\t\t<div class=\"elementor-element elementor-element-8258aaa elementor-widget elementor-widget-text-editor\" data-id=\"8258aaa\" data-element_type=\"widget\" data-e-type=\"widget\" data-widget_type=\"text-editor.default\">\n\t\t\t\t<div class=\"elementor-widget-container\">\n\t\t\t\t\t\t\t\t\t<p>\u00a1Bienvenido a www.kamogrill.com! Las presentes condiciones generales establecen las normas de uso del sitio web de kamogrill, www.kamogrill.com. Al acceder a este sitio web, asumimos que aceptas estos t\u00e9rminos y condiciones. No contin\u00fae utilizando www.kamogrill.com si no est\u00e1 de acuerdo con todos los t\u00e9rminos y condiciones expuestos en esta p\u00e1gina.<\/p><p><strong>1. Cookies<\/strong><\/p><ul><li>Nuestro sitio web utiliza cookies para mejorar su experiencia. Al acceder a www.kamogrill.com, acepta el uso de cookies de acuerdo con nuestra Pol\u00edtica de privacidad.<\/li><li>Las cookies son archivos de texto que se colocan en su dispositivo para recopilar informaci\u00f3n de registro est\u00e1ndar de Internet e informaci\u00f3n sobre el comportamiento de los visitantes. Usted tiene la opci\u00f3n de aceptar o rechazar las cookies; sin embargo, el rechazo de las cookies puede impedirle aprovechar plenamente el sitio web.<\/li><\/ul><p><strong>2. Derechos de propiedad intelectual<\/strong><\/p><ul><li>A menos que se indique lo contrario, kamogrill y\/o sus licenciantes poseen los derechos de propiedad intelectual de todo el material de www.kamogrill.com. Todos los derechos de propiedad intelectual est\u00e1n reservados. Puede acceder desde www.kamogrill.com para su uso personal sujeto a las restricciones establecidas en estos t\u00e9rminos y condiciones.<\/li><\/ul><p><strong>3. Comentarios de los usuarios<\/strong><\/p><ul><li>Algunas partes de este sitio web pueden ofrecer a los usuarios la oportunidad de publicar e intercambiar opiniones e informaci\u00f3n. kamogrill no filtra, edita, publica ni revisa los Comentarios antes de su aparici\u00f3n en el sitio web. Los comentarios no reflejan las opiniones de kamogrill, sus agentes o afiliados.<\/li><li>Al publicar Comentarios, usted garantiza y declara que tiene derecho a hacerlo y que cumple todas las leyes y normativas aplicables.<\/li><\/ul><p><strong>4. Hiperenlaces a nuestro contenido<\/strong><\/p><ul><li>Las siguientes organizaciones pueden enlazar con nuestro sitio web sin autorizaci\u00f3n previa por escrito: organismos gubernamentales, motores de b\u00fasqueda, organizaciones de noticias y distribuidores de directorios en l\u00ednea.<\/li><li>Podemos considerar y aprobar otras solicitudes de enlaces de organizaciones tales como fuentes de informaci\u00f3n empresarial com\u00fanmente conocidas y sitios comunitarios.<\/li><\/ul><p><strong>5. Informaci\u00f3n sobre productos y pedidos<\/strong><\/p><ul><li>Nuestro objetivo es garantizar que todas las descripciones de los productos y los precios de nuestro sitio web sean correctos. Sin embargo, pueden producirse errores. Si descubrimos un error en el precio o la disponibilidad de cualquier producto que haya pedido, le informaremos lo antes posible.<\/li><li>Se ofrecen servicios de personalizaci\u00f3n de colores, tama\u00f1os y formas. Todos los pedidos est\u00e1n sujetos a aceptaci\u00f3n y disponibilidad, con condiciones espec\u00edficas que se discutir\u00e1n con cada cliente.<\/li><\/ul><p><strong>6. Limitaci\u00f3n de responsabilidad<\/strong><\/p><ul><li>En la medida m\u00e1xima permitida por la ley aplicable, kamogrill excluye todas las representaciones, garant\u00edas y condiciones relacionadas con nuestro sitio web y el uso de este sitio web.<\/li><li>No seremos responsables de las p\u00e9rdidas o da\u00f1os de cualquier naturaleza derivados o relacionados con el uso de nuestro sitio web.<\/li><\/ul><p><strong>7. Derecho aplicable<\/strong><\/p><ul><li>Estos t\u00e9rminos y condiciones se rigen e interpretan de acuerdo con las leyes de CHINA, y usted se somete irrevocablemente a la jurisdicci\u00f3n exclusiva de los tribunales de ese lugar.<\/li><\/ul><p><strong>8. Modificaciones<\/strong><\/p><ul><li><span style=\"background-color: transparent; color: var( --e-global-color-text ); font-family: var( --e-global-typography-text-font-family ), Sans-serif; font-weight: var( --e-global-typography-text-font-weight ); text-align: var(--text-align);\">kamogrill se reserva el derecho de revisar estos t\u00e9rminos y condiciones en cualquier momento. Al utilizar este sitio web, usted acepta revisar estos t\u00e9rminos con regularidad para asegurarse de que comprende todos los t\u00e9rminos y condiciones que rigen el uso de este sitio web.<\/span><\/li><\/ul><p><strong>9. 9. Informaci\u00f3n de contacto<\/strong><\/p><ul><li>Si tiene alguna pregunta sobre estas Condiciones Generales, p\u00f3ngase en contacto con nosotros en info@kamogrill.com.<\/li><\/ul>\t\t\t\t\t\t\t\t<\/div>\n\t\t\t\t<\/div>\n\t\t\t\t\t<\/div>\n\t\t\t\t<\/div>\n\t\t\t\t<\/div>","protected":false},"excerpt":{"rendered":"<p>Welcome to www.kamogrill.com! These terms and conditions outline the rules and regulations for the use of kamogrill&#8217;s website, located at www.kamogrill.com. By accessing this website, we assume you accept these terms and conditions. Do not continue to use www.kamogrill.com if you do not agree to all the terms and conditions stated on this page. 1. [&hellip;]<\/p>","protected":false},"author":1,"featured_media":0,"parent":0,"menu_order":0,"comment_status":"closed","ping_status":"closed","template":"","meta":{"footnotes":""},"class_list":["post-778","page","type-page","status-publish","hentry"],"_links":{"self":[{"href":"https:\/\/kamogrill.com\/es\/wp-json\/wp\/v2\/pages\/778","targetHints":{"allow":["GET"]}}],"collection":[{"href":"https:\/\/kamogrill.com\/es\/wp-json\/wp\/v2\/pages"}],"about":[{"href":"https:\/\/kamogrill.com\/es\/wp-json\/wp\/v2\/types\/page"}],"author":[{"embeddable":true,"href":"https:\/\/kamogrill.com\/es\/wp-json\/wp\/v2\/users\/1"}],"replies":[{"embeddable":true,"href":"https:\/\/kamogrill.com\/es\/wp-json\/wp\/v2\/comments?post=778"}],"version-history":[{"count":5,"href":"https:\/\/kamogrill.com\/es\/wp-json\/wp\/v2\/pages\/778\/revisions"}],"predecessor-version":[{"id":837,"href":"https:\/\/kamogrill.com\/es\/wp-json\/wp\/v2\/pages\/778\/revisions\/837"}],"wp:attachment":[{"href":"https:\/\/kamogrill.com\/es\/wp-json\/wp\/v2\/media?parent=778"}],"curies":[{"name":"wp","href":"https:\/\/api.w.org\/{rel}","templated":true}]}}