{"id":967,"date":"2025-04-11T01:59:34","date_gmt":"2025-04-11T01:59:34","guid":{"rendered":"https:\/\/kamogrill.com\/?page_id=967"},"modified":"2025-07-12T01:47:35","modified_gmt":"2025-07-12T01:47:35","slug":"catalogo","status":"publish","type":"page","link":"https:\/\/kamogrill.com\/es\/catalogo\/","title":{"rendered":"Cat\u00e1logo"},"content":{"rendered":"<div data-elementor-type=\"wp-page\" data-elementor-id=\"967\" class=\"elementor elementor-967\" data-elementor-post-type=\"page\">\n\t\t\t\t<div class=\"elementor-element elementor-element-234c3fe4 e-flex e-con-boxed e-con e-parent\" data-id=\"234c3fe4\" data-element_type=\"container\" data-e-type=\"container\">\n\t\t\t\t\t<div class=\"e-con-inner\">\n\t\t\t\t<div class=\"elementor-element elementor-element-63237351 elementor-widget elementor-widget-woocommerce-breadcrumb\" data-id=\"63237351\" data-element_type=\"widget\" data-e-type=\"widget\" data-widget_type=\"woocommerce-breadcrumb.default\">\n\t\t\t\t<div class=\"elementor-widget-container\">\n\t\t\t\t\t<nav class=\"woocommerce-breadcrumb\" aria-label=\"Breadcrumb\" data-no-translation=\"\" data-trp-gettext=\"\">Inicio<\/nav>\t\t\t\t<\/div>\n\t\t\t\t<\/div>\n\t\t\t\t\t<\/div>\n\t\t\t\t<\/div>\n\t\t<div class=\"elementor-element elementor-element-7327db3f e-flex e-con-boxed e-con e-parent\" data-id=\"7327db3f\" data-element_type=\"container\" data-e-type=\"container\">\n\t\t\t\t\t<div class=\"e-con-inner\">\n\t\t<div class=\"elementor-element elementor-element-64a783a5 e-con-full e-flex e-con e-child\" data-id=\"64a783a5\" data-element_type=\"container\" data-e-type=\"container\">\n\t\t\t\t<div class=\"elementor-element elementor-element-449739e2 elementor-widget elementor-widget-image\" data-id=\"449739e2\" data-element_type=\"widget\" data-e-type=\"widget\" data-widget_type=\"image.default\">\n\t\t\t\t<div class=\"elementor-widget-container\">\n\t\t\t\t\t\t\t\t\t\t\t\t\t\t\t<img fetchpriority=\"high\" decoding=\"async\" width=\"800\" height=\"446\" src=\"https:\/\/kamogrill.com\/wp-content\/uploads\/2025\/04\/catalog-1024x571.jpg\" class=\"attachment-large size-large wp-image-976\" alt=\"\" srcset=\"https:\/\/kamogrill.com\/wp-content\/uploads\/2025\/04\/catalog-1024x571.jpg 1024w, https:\/\/kamogrill.com\/wp-content\/uploads\/2025\/04\/catalog-300x167.jpg 300w, https:\/\/kamogrill.com\/wp-content\/uploads\/2025\/04\/catalog-768x428.jpg 768w, https:\/\/kamogrill.com\/wp-content\/uploads\/2025\/04\/catalog-1536x857.jpg 1536w, https:\/\/kamogrill.com\/wp-content\/uploads\/2025\/04\/catalog-2048x1142.jpg 2048w, https:\/\/kamogrill.com\/wp-content\/uploads\/2025\/04\/catalog-600x335.jpg 600w\" sizes=\"(max-width: 800px) 100vw, 800px\" \/>\t\t\t\t\t\t\t\t\t\t\t\t\t\t\t<\/div>\n\t\t\t\t<\/div>\n\t\t\t\t<\/div>\n\t\t<div class=\"elementor-element elementor-element-70478795 e-con-full e-flex e-con e-child\" data-id=\"70478795\" data-element_type=\"container\" data-e-type=\"container\">\n\t\t\t\t<div class=\"elementor-element elementor-element-4ffe78b7 elementor-widget elementor-widget-heading\" data-id=\"4ffe78b7\" data-element_type=\"widget\" data-e-type=\"widget\" data-widget_type=\"heading.default\">\n\t\t\t\t<div class=\"elementor-widget-container\">\n\t\t\t\t\t<h2 class=\"elementor-heading-title elementor-size-default\">Cat\u00e1logo Kamado Grill: El libro de jugadas del modelo base (\u00a1La personalizaci\u00f3n es nuestro superpoder!)<\/h2>\t\t\t\t<\/div>\n\t\t\t\t<\/div>\n\t\t\t\t<div class=\"elementor-element elementor-element-30de0b95 elementor-widget elementor-widget-text-editor\" data-id=\"30de0b95\" data-element_type=\"widget\" data-e-type=\"widget\" data-widget_type=\"text-editor.default\">\n\t\t\t\t<div class=\"elementor-widget-container\">\n\t\t\t\t\t\t\t\t\t<p><em>Eche un vistazo a nuestros modelos est\u00e1ndar de parrilla Kamado, \u00a1y construyamos SU versi\u00f3n perfecta! Colores, tama\u00f1os, dise\u00f1os, lo personalizamos todo. <\/em><\/p><p><em>(Y s\u00ed, esta descarga es 100% segura. Sin virus relacionados con la parrilla, lo prometemos).<\/em><\/p>\t\t\t\t\t\t\t\t<\/div>\n\t\t\t\t<\/div>\n\t\t\t\t<div class=\"elementor-element elementor-element-305388a3 elementor-align-center elementor-widget elementor-widget-button\" data-id=\"305388a3\" data-element_type=\"widget\" data-e-type=\"widget\" data-widget_type=\"button.default\">\n\t\t\t\t<div class=\"elementor-widget-container\">\n\t\t\t\t\t\t\t\t\t<div class=\"elementor-button-wrapper\">\n\t\t\t\t\t<a class=\"elementor-button elementor-button-link elementor-size-sm elementor-animation-grow\" href=\"https:\/\/kamogrill.com\/es\/kamadogrill-catalog-2025-from-kamogrill\/\">\n\t\t\t\t\t\t<span class=\"elementor-button-content-wrapper\">\n\t\t\t\t\t\t\t\t\t<span class=\"elementor-button-text\">Descargar PDF<\/span>\n\t\t\t\t\t<\/span>\n\t\t\t\t\t<\/a>\n\t\t\t\t<\/div>\n\t\t\t\t\t\t\t\t<\/div>\n\t\t\t\t<\/div>\n\t\t\t\t<\/div>\n\t\t\t\t\t<\/div>\n\t\t\t\t<\/div>\n\t\t\t\t<\/div>","protected":false},"excerpt":{"rendered":"<p>Kamado Grill Catalog: The Base Model Playbook (Customization is Our Superpower!) Browse our standard Kamado grill models\u2014then let\u2019s build YOUR perfect version! Colors, sizes, designs\u2014we customize it all. (And yes, this download is 100% safe. No grill-related viruses, we promise.) PDF Download!<\/p>","protected":false},"author":1,"featured_media":0,"parent":0,"menu_order":0,"comment_status":"closed","ping_status":"closed","template":"","meta":{"footnotes":""},"class_list":["post-967","page","type-page","status-publish","hentry"],"_links":{"self":[{"href":"https:\/\/kamogrill.com\/es\/wp-json\/wp\/v2\/pages\/967","targetHints":{"allow":["GET"]}}],"collection":[{"href":"https:\/\/kamogrill.com\/es\/wp-json\/wp\/v2\/pages"}],"about":[{"href":"https:\/\/kamogrill.com\/es\/wp-json\/wp\/v2\/types\/page"}],"author":[{"embeddable":true,"href":"https:\/\/kamogrill.com\/es\/wp-json\/wp\/v2\/users\/1"}],"replies":[{"embeddable":true,"href":"https:\/\/kamogrill.com\/es\/wp-json\/wp\/v2\/comments?post=967"}],"version-history":[{"count":20,"href":"https:\/\/kamogrill.com\/es\/wp-json\/wp\/v2\/pages\/967\/revisions"}],"predecessor-version":[{"id":2146,"href":"https:\/\/kamogrill.com\/es\/wp-json\/wp\/v2\/pages\/967\/revisions\/2146"}],"wp:attachment":[{"href":"https:\/\/kamogrill.com\/es\/wp-json\/wp\/v2\/media?parent=967"}],"curies":[{"name":"wp","href":"https:\/\/api.w.org\/{rel}","templated":true}]}}