{"id":778,"date":"2025-01-06T10:43:53","date_gmt":"2025-01-06T10:43:53","guid":{"rendered":"https:\/\/kamogrill.com\/?page_id=778"},"modified":"2025-01-06T14:38:25","modified_gmt":"2025-01-06T14:38:25","slug":"conditions-generales","status":"publish","type":"page","link":"https:\/\/kamogrill.com\/fr\/conditions-generales\/","title":{"rendered":"Conditions g\u00e9n\u00e9rales d'utilisation"},"content":{"rendered":"<div data-elementor-type=\"wp-page\" data-elementor-id=\"778\" class=\"elementor elementor-778\" data-elementor-post-type=\"page\">\n\t\t\t\t<div class=\"elementor-element elementor-element-85411de e-flex e-con-boxed e-con e-parent\" data-id=\"85411de\" data-element_type=\"container\" data-e-type=\"container\">\n\t\t\t\t\t<div class=\"e-con-inner\">\n\t\t\t\t<div class=\"elementor-element elementor-element-6878df9 elementor-widget-divider--view-line elementor-widget elementor-widget-divider\" data-id=\"6878df9\" data-element_type=\"widget\" data-e-type=\"widget\" data-widget_type=\"divider.default\">\n\t\t\t\t<div class=\"elementor-widget-container\">\n\t\t\t\t\t\t\t<div class=\"elementor-divider\">\n\t\t\t<span class=\"elementor-divider-separator\">\n\t\t\t\t\t\t<\/span>\n\t\t<\/div>\n\t\t\t\t\t\t<\/div>\n\t\t\t\t<\/div>\n\t\t\t\t\t<\/div>\n\t\t\t\t<\/div>\n\t\t<div class=\"elementor-element elementor-element-937999b e-flex e-con-boxed e-con e-parent\" data-id=\"937999b\" data-element_type=\"container\" data-e-type=\"container\">\n\t\t\t\t\t<div class=\"e-con-inner\">\n\t\t\t\t<div class=\"elementor-element elementor-element-8258aaa elementor-widget elementor-widget-text-editor\" data-id=\"8258aaa\" data-element_type=\"widget\" data-e-type=\"widget\" data-widget_type=\"text-editor.default\">\n\t\t\t\t<div class=\"elementor-widget-container\">\n\t\t\t\t\t\t\t\t\t<p>Bienvenue sur www.kamogrill.com ! Les pr\u00e9sentes conditions g\u00e9n\u00e9rales d\u00e9finissent les r\u00e8gles d'utilisation du site web de kamogrill, situ\u00e9 \u00e0 l'adresse www.kamogrill.com. En acc\u00e9dant \u00e0 ce site, nous supposons que vous acceptez ces conditions. Ne continuez pas \u00e0 utiliser www.kamogrill.com si vous n'acceptez pas tous les termes et conditions \u00e9nonc\u00e9s sur cette page.<\/p><p><strong>1. Cookies<\/strong><\/p><ul><li>Notre site web utilise des cookies pour am\u00e9liorer votre exp\u00e9rience. En acc\u00e9dant \u00e0 www.kamogrill.com, vous acceptez l'utilisation de cookies conform\u00e9ment \u00e0 notre politique de confidentialit\u00e9.<\/li><li>Les cookies sont des fichiers texte plac\u00e9s sur votre appareil pour collecter des informations de journal Internet standard et des informations sur le comportement des visiteurs. Vous avez la possibilit\u00e9 d'accepter ou de refuser les cookies ; cependant, refuser les cookies peut vous emp\u00eacher de profiter pleinement du site web.<\/li><\/ul><p><strong>2. Droits de propri\u00e9t\u00e9 intellectuelle<\/strong><\/p><ul><li>Sauf indication contraire, kamogrill et\/ou ses conc\u00e9dants de licence d\u00e9tiennent les droits de propri\u00e9t\u00e9 intellectuelle sur l'ensemble du contenu de www.kamogrill.com. Tous les droits de propri\u00e9t\u00e9 intellectuelle sont r\u00e9serv\u00e9s. Vous pouvez acc\u00e9der \u00e0 ce site \u00e0 partir de www.kamogrill.com pour votre usage personnel, sous r\u00e9serve des restrictions \u00e9nonc\u00e9es dans les pr\u00e9sentes conditions g\u00e9n\u00e9rales.<\/li><\/ul><p><strong>3. Commentaires des utilisateurs<\/strong><\/p><ul><li>Certaines parties de ce site Web peuvent permettre aux utilisateurs de publier et d'\u00e9changer des opinions et des informations. Kamogrill ne filtre pas, n'\u00e9dite pas, ne publie pas et ne r\u00e9vise pas les commentaires avant qu'ils n'apparaissent sur le site Web. Les commentaires ne refl\u00e8tent pas les opinions de Kamogrill, de ses agents ou de ses affili\u00e9s.<\/li><li>En publiant des commentaires, vous garantissez et d\u00e9clarez que vous avez le droit de le faire et que vous vous conformez \u00e0 toutes les lois et r\u00e9glementations applicables.<\/li><\/ul><p><strong>4. Hyperliens vers notre contenu<\/strong><\/p><ul><li>Les organisations suivantes peuvent \u00e9tablir un lien avec notre site web sans autorisation \u00e9crite pr\u00e9alable : agences gouvernementales, moteurs de recherche, organismes de presse et distributeurs d'annuaires en ligne.<\/li><li>Nous pouvons examiner et approuver d'autres demandes de liens \u00e9manant d'organisations telles que des sources d'informations commerciales connues et des sites communautaires.<\/li><\/ul><p><strong>5. Informations sur les produits et les commandes<\/strong><\/p><ul><li>Nous nous effor\u00e7ons d'assurer l'exactitude de toutes les descriptions de produits et de tous les prix figurant sur notre site web. Toutefois, des erreurs peuvent se produire. Si nous d\u00e9couvrons une erreur dans le prix ou la disponibilit\u00e9 d'un produit que vous avez command\u00e9, nous vous en informerons d\u00e8s que possible.<\/li><li>Des services de personnalisation des couleurs, des tailles et des formes sont disponibles. Toutes les commandes sont soumises \u00e0 acceptation et \u00e0 disponibilit\u00e9, les conditions sp\u00e9cifiques devant \u00eatre discut\u00e9es avec chaque client.<\/li><\/ul><p><strong>6. Limitation de la responsabilit\u00e9<\/strong><\/p><ul><li>Dans toute la mesure permise par la loi applicable, kamogrill exclut toutes les repr\u00e9sentations, garanties et conditions relatives \u00e0 notre site web et \u00e0 l'utilisation de ce site web.<\/li><li>Nous ne serons pas responsables de toute perte ou de tout dommage de quelque nature que ce soit d\u00e9coulant de l'utilisation de notre site web ou en rapport avec celle-ci.<\/li><\/ul><p><strong>7. Droit applicable<\/strong><\/p><ul><li>Les pr\u00e9sentes conditions sont r\u00e9gies et interpr\u00e9t\u00e9es conform\u00e9ment aux lois de la CHINE, et vous vous soumettez irr\u00e9vocablement \u00e0 la comp\u00e9tence exclusive des tribunaux de ce pays.<\/li><\/ul><p><strong>8. Modifications<\/strong><\/p><ul><li><span style=\"background-color: transparent; color: var( --e-global-color-text ); font-family: var( --e-global-typography-text-font-family ), Sans-serif; font-weight: var( --e-global-typography-text-font-weight ); text-align: var(--text-align);\">kamogrill se r\u00e9serve le droit de r\u00e9viser ces termes et conditions \u00e0 tout moment. En utilisant ce site web, vous acceptez de consulter r\u00e9guli\u00e8rement ces conditions pour vous assurer que vous comprenez toutes les conditions r\u00e9gissant l'utilisation de ce site web.<\/span><\/li><\/ul><p><strong>9. Informations sur les contacts<\/strong><\/p><ul><li>Pour toute question concernant les pr\u00e9sentes conditions g\u00e9n\u00e9rales, veuillez nous contacter \u00e0 l'adresse suivante : info@kamogrill.com.<\/li><\/ul>\t\t\t\t\t\t\t\t<\/div>\n\t\t\t\t<\/div>\n\t\t\t\t\t<\/div>\n\t\t\t\t<\/div>\n\t\t\t\t<\/div>","protected":false},"excerpt":{"rendered":"<p>Welcome to www.kamogrill.com! These terms and conditions outline the rules and regulations for the use of kamogrill&#8217;s website, located at www.kamogrill.com. By accessing this website, we assume you accept these terms and conditions. Do not continue to use www.kamogrill.com if you do not agree to all the terms and conditions stated on this page. 1. [&hellip;]<\/p>","protected":false},"author":1,"featured_media":0,"parent":0,"menu_order":0,"comment_status":"closed","ping_status":"closed","template":"","meta":{"footnotes":""},"class_list":["post-778","page","type-page","status-publish","hentry"],"_links":{"self":[{"href":"https:\/\/kamogrill.com\/fr\/wp-json\/wp\/v2\/pages\/778","targetHints":{"allow":["GET"]}}],"collection":[{"href":"https:\/\/kamogrill.com\/fr\/wp-json\/wp\/v2\/pages"}],"about":[{"href":"https:\/\/kamogrill.com\/fr\/wp-json\/wp\/v2\/types\/page"}],"author":[{"embeddable":true,"href":"https:\/\/kamogrill.com\/fr\/wp-json\/wp\/v2\/users\/1"}],"replies":[{"embeddable":true,"href":"https:\/\/kamogrill.com\/fr\/wp-json\/wp\/v2\/comments?post=778"}],"version-history":[{"count":5,"href":"https:\/\/kamogrill.com\/fr\/wp-json\/wp\/v2\/pages\/778\/revisions"}],"predecessor-version":[{"id":837,"href":"https:\/\/kamogrill.com\/fr\/wp-json\/wp\/v2\/pages\/778\/revisions\/837"}],"wp:attachment":[{"href":"https:\/\/kamogrill.com\/fr\/wp-json\/wp\/v2\/media?parent=778"}],"curies":[{"name":"wp","href":"https:\/\/api.w.org\/{rel}","templated":true}]}}